{"id":13,"date":"2025-07-18T17:43:36","date_gmt":"2025-07-18T20:43:36","guid":{"rendered":"https:\/\/hidraumatica.com.br\/novo\/?page_id=13"},"modified":"2025-10-10T21:01:56","modified_gmt":"2025-10-11T00:01:56","slug":"servicos","status":"publish","type":"page","link":"https:\/\/hidraumatica.com.br\/novo\/servicos\/","title":{"rendered":"Servi\u00e7os"},"content":{"rendered":"\t\t<div data-elementor-type=\"wp-page\" data-elementor-id=\"13\" class=\"elementor elementor-13\" data-elementor-post-type=\"page\">\n\t\t\t\t<div class=\"elementor-element elementor-element-8fe9e23 e-con-full e-flex e-con e-parent\" data-id=\"8fe9e23\" data-element_type=\"container\" data-settings=\"{&quot;ekit_has_onepagescroll_dot&quot;:&quot;yes&quot;}\">\n\t\t\t\t<div class=\"elementor-element elementor-element-5765c40 elementor-widget elementor-widget-heading\" data-id=\"5765c40\" data-element_type=\"widget\" data-settings=\"{&quot;ekit_we_effect_on&quot;:&quot;none&quot;}\" data-widget_type=\"heading.default\">\n\t\t\t\t\t<h2 class=\"elementor-heading-title elementor-size-default\">Servi\u00e7os<\/h2>\t\t\t\t<\/div>\n\t\t\t\t<\/div>\n\t\t<div class=\"elementor-element elementor-element-598c0e5 e-con-full bg-container e-flex e-con e-parent\" data-id=\"598c0e5\" data-element_type=\"container\" data-settings=\"{&quot;background_background&quot;:&quot;classic&quot;,&quot;ekit_has_onepagescroll_dot&quot;:&quot;yes&quot;}\">\n\t\t<div class=\"elementor-element elementor-element-d4a964f teste e-flex e-con-boxed e-con e-child\" data-id=\"d4a964f\" data-element_type=\"container\" data-settings=\"{&quot;background_background&quot;:&quot;classic&quot;,&quot;ekit_has_onepagescroll_dot&quot;:&quot;yes&quot;}\">\n\t\t\t\t\t<div class=\"e-con-inner\">\n\t\t\t\t<div class=\"elementor-element elementor-element-031b344 elementor-widget__width-initial elementor-widget elementor-widget-text-editor\" data-id=\"031b344\" data-element_type=\"widget\" data-settings=\"{&quot;ekit_we_effect_on&quot;:&quot;none&quot;}\" data-widget_type=\"text-editor.default\">\n\t\t\t\t\t\t\t\t\t<p data-start=\"411\" data-end=\"827\">A <strong>Hidraum\u00e1tica\u00ae<\/strong>, sediada em Juiz de Fora (MG), \u00e9 refer\u00eancia no fornecimento de <strong>pe\u00e7as e servi\u00e7os para os setores hidr\u00e1ulico<\/strong>, <strong>ferrovi\u00e1rio<\/strong>, <strong>m\u00f3bil<\/strong> e <strong>industrial<\/strong>. Desde 2000, a empresa vem conquistando a confian\u00e7a do mercado regional por meio de parcerias estrat\u00e9gicas, equipe qualificada e solu\u00e7\u00f5es completas, que v\u00e3o desde o desenvolvimento de projetos at\u00e9 a manuten\u00e7\u00e3o e reforma de sistemas hidr\u00e1ulicos e pneum\u00e1ticos.<\/p><p data-start=\"829\" data-end=\"1052\">Com mais de <strong>30 anos de experi\u00eancia<\/strong> acumulada, a <strong>Hidraum\u00e1tica\u00ae<\/strong> oferece <strong>excel\u00eancia<\/strong>, <strong>efici\u00eancia<\/strong> e <strong>atendimento personalizado<\/strong> para empresas de todos os portes, cuidando de cada detalhe \u2014 da primeira v\u00e1lvula ao \u00faltimo terminal.<\/p>\t\t\t\t\t\t\t\t<\/div>\n\t\t\t\t\t<\/div>\n\t\t\t\t<\/div>\n\t\t\t\t<\/div>\n\t\t<div class=\"elementor-element elementor-element-9dc2847 e-flex e-con-boxed e-con e-parent\" data-id=\"9dc2847\" data-element_type=\"container\" data-settings=\"{&quot;ekit_has_onepagescroll_dot&quot;:&quot;yes&quot;}\">\n\t\t\t\t\t<div class=\"e-con-inner\">\n\t\t<div class=\"elementor-element elementor-element-cf800e5 e-con-full e-flex e-con e-child\" data-id=\"cf800e5\" data-element_type=\"container\" data-settings=\"{&quot;background_background&quot;:&quot;classic&quot;,&quot;ekit_has_onepagescroll_dot&quot;:&quot;yes&quot;}\">\n\t\t\t\t<div class=\"elementor-element elementor-element-61862c2 elementor-view-default elementor-widget elementor-widget-icon\" data-id=\"61862c2\" data-element_type=\"widget\" data-settings=\"{&quot;ekit_we_effect_on&quot;:&quot;none&quot;}\" data-widget_type=\"icon.default\">\n\t\t\t\t\t\t\t<div class=\"elementor-icon-wrapper\">\n\t\t\t<div class=\"elementor-icon\">\n\t\t\t<i aria-hidden=\"true\" class=\"icon icon-train\"><\/i>\t\t\t<\/div>\n\t\t<\/div>\n\t\t\t\t\t\t<\/div>\n\t\t\t\t<\/div>\n\t\t<div class=\"elementor-element elementor-element-b1ab5a2 e-flex e-con-boxed e-con e-child\" data-id=\"b1ab5a2\" data-element_type=\"container\" data-settings=\"{&quot;background_background&quot;:&quot;classic&quot;,&quot;ekit_has_onepagescroll_dot&quot;:&quot;yes&quot;}\">\n\t\t\t\t\t<div class=\"e-con-inner\">\n\t\t\t\t<div class=\"elementor-element elementor-element-bb4fafb elementor-widget elementor-widget-heading\" data-id=\"bb4fafb\" data-element_type=\"widget\" data-settings=\"{&quot;ekit_we_effect_on&quot;:&quot;none&quot;}\" data-widget_type=\"heading.default\">\n\t\t\t\t\t<h2 class=\"elementor-heading-title elementor-size-default\">Transporte sobre trilhos com seguran\u00e7a e precis\u00e3o<\/h2>\t\t\t\t<\/div>\n\t\t\t\t\t<\/div>\n\t\t\t\t<\/div>\n\t\t\t\t\t<\/div>\n\t\t\t\t<\/div>\n\t\t<div class=\"elementor-element elementor-element-562e5ca e-con-full e-flex e-con e-parent\" data-id=\"562e5ca\" data-element_type=\"container\" data-settings=\"{&quot;background_background&quot;:&quot;classic&quot;,&quot;ekit_has_onepagescroll_dot&quot;:&quot;yes&quot;}\">\n\t\t<div class=\"elementor-element elementor-element-571c038 e-flex e-con-boxed e-con e-child\" data-id=\"571c038\" data-element_type=\"container\" data-settings=\"{&quot;ekit_has_onepagescroll_dot&quot;:&quot;yes&quot;}\">\n\t\t\t\t\t<div class=\"e-con-inner\">\n\t\t\t\t<div class=\"elementor-element elementor-element-e3f56fc elementor-widget elementor-widget-text-editor\" data-id=\"e3f56fc\" data-element_type=\"widget\" data-settings=\"{&quot;ekit_we_effect_on&quot;:&quot;none&quot;}\" data-widget_type=\"text-editor.default\">\n\t\t\t\t\t\t\t\t\t<p data-start=\"636\" data-end=\"1024\">A <strong>Hidraum\u00e1tica\u00ae<\/strong> \u00e9 especialista em reformas e manuten\u00e7\u00e3o de componentes hidr\u00e1ulicos e pneum\u00e1ticos de ve\u00edculos e equipamentos de via permanente. Atendemos as principais concession\u00e1rias do pa\u00eds e realizamos contratos duradouros para caminh\u00f5es de linha, esmerilhadoras, reguladoras de lastro, ve\u00edculos de inspe\u00e7\u00e3o e outros equipamentos ferrovi\u00e1rios.<\/p><p data-start=\"1026\" data-end=\"1159\"><strong data-start=\"1042\" data-end=\"1067\">Exclusivo TrackStar\u00ae:<\/strong> manuten\u00e7\u00e3o do caminh\u00e3o de inspe\u00e7\u00e3o ferrovi\u00e1ria, \u00fanico no Brasil, fornecido pela <strong>Holland\u00ae.<\/strong><\/p>\t\t\t\t\t\t\t\t<\/div>\n\t\t\t\t<div class=\"elementor-element elementor-element-db16359 elementor-widget elementor-widget-button\" data-id=\"db16359\" data-element_type=\"widget\" data-settings=\"{&quot;ekit_we_effect_on&quot;:&quot;none&quot;}\" data-widget_type=\"button.default\">\n\t\t\t\t\t\t\t\t\t\t<a class=\"elementor-button elementor-button-link elementor-size-sm\" href=\"https:\/\/hidraumatica.com.br\/servicos\/ferroviario-metroviario\/\">\n\t\t\t\t\t\t<span class=\"elementor-button-content-wrapper\">\n\t\t\t\t\t\t\t\t\t<span class=\"elementor-button-text\">Saiba mais<\/span>\n\t\t\t\t\t<\/span>\n\t\t\t\t\t<\/a>\n\t\t\t\t\t\t\t\t<\/div>\n\t\t\t\t\t<\/div>\n\t\t\t\t<\/div>\n\t\t\t\t<\/div>\n\t\t<div class=\"elementor-element elementor-element-d457eb1 e-flex e-con-boxed e-con e-parent\" data-id=\"d457eb1\" data-element_type=\"container\" data-settings=\"{&quot;ekit_has_onepagescroll_dot&quot;:&quot;yes&quot;}\">\n\t\t\t\t\t<div class=\"e-con-inner\">\n\t\t<div class=\"elementor-element elementor-element-addfb4d e-con-full e-flex e-con e-child\" data-id=\"addfb4d\" data-element_type=\"container\" data-settings=\"{&quot;background_background&quot;:&quot;classic&quot;,&quot;ekit_has_onepagescroll_dot&quot;:&quot;yes&quot;}\">\n\t\t\t\t<div class=\"elementor-element elementor-element-a9ca23a elementor-view-default elementor-widget elementor-widget-icon\" data-id=\"a9ca23a\" data-element_type=\"widget\" data-settings=\"{&quot;ekit_we_effect_on&quot;:&quot;none&quot;}\" data-widget_type=\"icon.default\">\n\t\t\t\t\t\t\t<div class=\"elementor-icon-wrapper\">\n\t\t\t<div class=\"elementor-icon\">\n\t\t\t<i aria-hidden=\"true\" class=\"icon icon-truck1\"><\/i>\t\t\t<\/div>\n\t\t<\/div>\n\t\t\t\t\t\t<\/div>\n\t\t\t\t<\/div>\n\t\t<div class=\"elementor-element elementor-element-31f5906 e-flex e-con-boxed e-con e-child\" data-id=\"31f5906\" data-element_type=\"container\" data-settings=\"{&quot;background_background&quot;:&quot;classic&quot;,&quot;ekit_has_onepagescroll_dot&quot;:&quot;yes&quot;}\">\n\t\t\t\t\t<div class=\"e-con-inner\">\n\t\t\t\t<div class=\"elementor-element elementor-element-b406be5 elementor-widget elementor-widget-heading\" data-id=\"b406be5\" data-element_type=\"widget\" data-settings=\"{&quot;ekit_we_effect_on&quot;:&quot;none&quot;}\" data-widget_type=\"heading.default\">\n\t\t\t\t\t<h2 class=\"elementor-heading-title elementor-size-default\">Ve\u00edculos e equipamentos sob medida para cada opera\u00e7\u00e3o<\/h2>\t\t\t\t<\/div>\n\t\t\t\t\t<\/div>\n\t\t\t\t<\/div>\n\t\t\t\t\t<\/div>\n\t\t\t\t<\/div>\n\t\t<div class=\"elementor-element elementor-element-7f7a3ba e-con-full e-flex e-con e-parent\" data-id=\"7f7a3ba\" data-element_type=\"container\" data-settings=\"{&quot;background_background&quot;:&quot;classic&quot;,&quot;ekit_has_onepagescroll_dot&quot;:&quot;yes&quot;}\">\n\t\t<div class=\"elementor-element elementor-element-3812f35 e-flex e-con-boxed e-con e-child\" data-id=\"3812f35\" data-element_type=\"container\" data-settings=\"{&quot;ekit_has_onepagescroll_dot&quot;:&quot;yes&quot;}\">\n\t\t\t\t\t<div class=\"e-con-inner\">\n\t\t\t\t<div class=\"elementor-element elementor-element-e439a34 elementor-widget elementor-widget-text-editor\" data-id=\"e439a34\" data-element_type=\"widget\" data-settings=\"{&quot;ekit_we_effect_on&quot;:&quot;none&quot;}\" data-widget_type=\"text-editor.default\">\n\t\t\t\t\t\t\t\t\t<p data-start=\"636\" data-end=\"1024\">Nossa equipe realiza <strong>reformas<\/strong>, <strong>manuten\u00e7\u00e3o<\/strong>, <strong>consertos<\/strong> e <strong>adapta\u00e7\u00f5es<\/strong> de componentes <strong>hidr\u00e1ulicos<\/strong> e <strong>pneum\u00e1ticos<\/strong> de ve\u00edculos diversos, tanto no p\u00e1tio quanto em campo. Realizamos <strong>adequa\u00e7\u00f5es tecnol\u00f3gicas<\/strong>, como <strong>refor\u00e7o estrutural de chassis<\/strong>, <strong>montagem de ba\u00fas<\/strong> <strong>oficinas<\/strong> e <strong>suporte para guindastes<\/strong>, garantindo desempenho e efici\u00eancia operacional em qualquer ambiente.<\/p>\t\t\t\t\t\t\t\t<\/div>\n\t\t\t\t<div class=\"elementor-element elementor-element-742b295 elementor-widget elementor-widget-button\" data-id=\"742b295\" data-element_type=\"widget\" data-settings=\"{&quot;ekit_we_effect_on&quot;:&quot;none&quot;}\" data-widget_type=\"button.default\">\n\t\t\t\t\t\t\t\t\t\t<a class=\"elementor-button elementor-button-link elementor-size-sm\" href=\"https:\/\/hidraumatica.com.br\/servicos\/mobil\/\">\n\t\t\t\t\t\t<span class=\"elementor-button-content-wrapper\">\n\t\t\t\t\t\t\t\t\t<span class=\"elementor-button-text\">Saiba mais<\/span>\n\t\t\t\t\t<\/span>\n\t\t\t\t\t<\/a>\n\t\t\t\t\t\t\t\t<\/div>\n\t\t\t\t\t<\/div>\n\t\t\t\t<\/div>\n\t\t\t\t<\/div>\n\t\t<div class=\"elementor-element elementor-element-4dcc1cf e-flex e-con-boxed e-con e-parent\" data-id=\"4dcc1cf\" data-element_type=\"container\" data-settings=\"{&quot;ekit_has_onepagescroll_dot&quot;:&quot;yes&quot;}\">\n\t\t\t\t\t<div class=\"e-con-inner\">\n\t\t<div class=\"elementor-element elementor-element-606594e e-con-full e-flex e-con e-child\" data-id=\"606594e\" data-element_type=\"container\" data-settings=\"{&quot;background_background&quot;:&quot;classic&quot;,&quot;ekit_has_onepagescroll_dot&quot;:&quot;yes&quot;}\">\n\t\t\t\t<div class=\"elementor-element elementor-element-3747d03 elementor-view-default elementor-widget elementor-widget-icon\" data-id=\"3747d03\" data-element_type=\"widget\" data-settings=\"{&quot;ekit_we_effect_on&quot;:&quot;none&quot;}\" data-widget_type=\"icon.default\">\n\t\t\t\t\t\t\t<div class=\"elementor-icon-wrapper\">\n\t\t\t<div class=\"elementor-icon\">\n\t\t\t<i aria-hidden=\"true\" class=\"icon icon-factory\"><\/i>\t\t\t<\/div>\n\t\t<\/div>\n\t\t\t\t\t\t<\/div>\n\t\t\t\t<\/div>\n\t\t<div class=\"elementor-element elementor-element-194e589 e-flex e-con-boxed e-con e-child\" data-id=\"194e589\" data-element_type=\"container\" data-settings=\"{&quot;background_background&quot;:&quot;classic&quot;,&quot;ekit_has_onepagescroll_dot&quot;:&quot;yes&quot;}\">\n\t\t\t\t\t<div class=\"e-con-inner\">\n\t\t\t\t<div class=\"elementor-element elementor-element-9a2e076 elementor-widget elementor-widget-heading\" data-id=\"9a2e076\" data-element_type=\"widget\" data-settings=\"{&quot;ekit_we_effect_on&quot;:&quot;none&quot;}\" data-widget_type=\"heading.default\">\n\t\t\t\t\t<h2 class=\"elementor-heading-title elementor-size-default\">Projetos e retrofitting para m\u00e1xima performance industrial<\/h2>\t\t\t\t<\/div>\n\t\t\t\t\t<\/div>\n\t\t\t\t<\/div>\n\t\t\t\t\t<\/div>\n\t\t\t\t<\/div>\n\t\t<div class=\"elementor-element elementor-element-c2642b5 e-con-full e-flex e-con e-parent\" data-id=\"c2642b5\" data-element_type=\"container\" data-settings=\"{&quot;background_background&quot;:&quot;classic&quot;,&quot;ekit_has_onepagescroll_dot&quot;:&quot;yes&quot;}\">\n\t\t<div class=\"elementor-element elementor-element-d00b0ee e-flex e-con-boxed e-con e-child\" data-id=\"d00b0ee\" data-element_type=\"container\" data-settings=\"{&quot;ekit_has_onepagescroll_dot&quot;:&quot;yes&quot;}\">\n\t\t\t\t\t<div class=\"e-con-inner\">\n\t\t\t\t<div class=\"elementor-element elementor-element-a066a36 elementor-widget elementor-widget-text-editor\" data-id=\"a066a36\" data-element_type=\"widget\" data-settings=\"{&quot;ekit_we_effect_on&quot;:&quot;none&quot;}\" data-widget_type=\"text-editor.default\">\n\t\t\t\t\t\t\t\t\t<p data-start=\"636\" data-end=\"1024\">Desenvolvemos projetos industriais de <strong>constru\u00e7\u00e3o mec\u00e2nica<\/strong>, <strong>usinagem convencional<\/strong> ou <strong>CNC<\/strong>, <strong>montagem mec\u00e2nica<\/strong> e <strong>retrofitting<\/strong> de <strong>equipamentos com sistemas hidr\u00e1ulicos<\/strong>, <strong>pneum\u00e1ticos<\/strong> e <strong>mec\u00e2nicos.<\/strong> Oferecemos consultoria t\u00e9cnica, planejamento, manuten\u00e7\u00e3o de filtros prensa, regulagem de bombas, corre\u00e7\u00e3o de vazamentos e substitui\u00e7\u00e3o de pe\u00e7as originais, sempre com foco em efici\u00eancia e durabilidade.<\/p>\t\t\t\t\t\t\t\t<\/div>\n\t\t\t\t<div class=\"elementor-element elementor-element-0d4a22f elementor-widget elementor-widget-button\" data-id=\"0d4a22f\" data-element_type=\"widget\" data-settings=\"{&quot;ekit_we_effect_on&quot;:&quot;none&quot;}\" data-widget_type=\"button.default\">\n\t\t\t\t\t\t\t\t\t\t<a class=\"elementor-button elementor-button-link elementor-size-sm\" href=\"https:\/\/hidraumatica.com.br\/servicos\/mobil\/\">\n\t\t\t\t\t\t<span class=\"elementor-button-content-wrapper\">\n\t\t\t\t\t\t\t\t\t<span class=\"elementor-button-text\">Saiba mais<\/span>\n\t\t\t\t\t<\/span>\n\t\t\t\t\t<\/a>\n\t\t\t\t\t\t\t\t<\/div>\n\t\t\t\t\t<\/div>\n\t\t\t\t<\/div>\n\t\t\t\t<\/div>\n\t\t\t\t<\/div>\n\t\t","protected":false},"excerpt":{"rendered":"<p>Servi\u00e7os A Hidraum\u00e1tica\u00ae, sediada em Juiz de Fora (MG), \u00e9 refer\u00eancia no fornecimento de pe\u00e7as e servi\u00e7os para os setores hidr\u00e1ulico, ferrovi\u00e1rio, m\u00f3bil e industrial. Desde 2000, a empresa vem conquistando a confian\u00e7a do mercado regional por meio de parcerias estrat\u00e9gicas, equipe qualificada e solu\u00e7\u00f5es completas, que v\u00e3o desde o desenvolvimento de projetos at\u00e9 a [&hellip;]<\/p>\n","protected":false},"author":1,"featured_media":0,"parent":0,"menu_order":0,"comment_status":"closed","ping_status":"closed","template":"elementor_header_footer","meta":{"footnotes":""},"class_list":["post-13","page","type-page","status-publish","hentry"],"_links":{"self":[{"href":"https:\/\/hidraumatica.com.br\/novo\/wp-json\/wp\/v2\/pages\/13","targetHints":{"allow":["GET"]}}],"collection":[{"href":"https:\/\/hidraumatica.com.br\/novo\/wp-json\/wp\/v2\/pages"}],"about":[{"href":"https:\/\/hidraumatica.com.br\/novo\/wp-json\/wp\/v2\/types\/page"}],"author":[{"embeddable":true,"href":"https:\/\/hidraumatica.com.br\/novo\/wp-json\/wp\/v2\/users\/1"}],"replies":[{"embeddable":true,"href":"https:\/\/hidraumatica.com.br\/novo\/wp-json\/wp\/v2\/comments?post=13"}],"version-history":[{"count":0,"href":"https:\/\/hidraumatica.com.br\/novo\/wp-json\/wp\/v2\/pages\/13\/revisions"}],"wp:attachment":[{"href":"https:\/\/hidraumatica.com.br\/novo\/wp-json\/wp\/v2\/media?parent=13"}],"curies":[{"name":"wp","href":"https:\/\/api.w.org\/{rel}","templated":true}]}}