{"id":14,"date":"2025-07-18T17:43:33","date_gmt":"2025-07-18T20:43:33","guid":{"rendered":"https:\/\/hidraumatica.com.br\/novo\/?page_id=14"},"modified":"2025-11-03T15:00:30","modified_gmt":"2025-11-03T18:00:30","slug":"loja","status":"publish","type":"page","link":"https:\/\/hidraumatica.com.br\/novo\/loja\/","title":{"rendered":"Loja"},"content":{"rendered":"\t\t<div data-elementor-type=\"wp-page\" data-elementor-id=\"14\" class=\"elementor elementor-14\" data-elementor-post-type=\"page\">\n\t\t\t\t<div class=\"elementor-element elementor-element-d6853ac e-con-full e-flex e-con e-parent\" data-id=\"d6853ac\" data-element_type=\"container\" data-settings=\"{&quot;ekit_has_onepagescroll_dot&quot;:&quot;yes&quot;}\">\n\t\t<div class=\"elementor-element elementor-element-072c3bb e-flex e-con-boxed e-con e-child\" data-id=\"072c3bb\" data-element_type=\"container\" data-settings=\"{&quot;ekit_has_onepagescroll_dot&quot;:&quot;yes&quot;}\">\n\t\t\t\t\t<div class=\"e-con-inner\">\n\t\t<div class=\"elementor-element elementor-element-b424757 e-con-full e-flex e-con e-child\" data-id=\"b424757\" data-element_type=\"container\" data-settings=\"{&quot;ekit_has_onepagescroll_dot&quot;:&quot;yes&quot;}\">\n\t\t\t\t<div class=\"elementor-element elementor-element-680425b elementor-widget elementor-widget-heading\" data-id=\"680425b\" data-element_type=\"widget\" data-settings=\"{&quot;ekit_we_effect_on&quot;:&quot;none&quot;}\" data-widget_type=\"heading.default\">\n\t\t\t\t\t<h2 class=\"elementor-heading-title elementor-size-default\">Nossa Loja<\/h2>\t\t\t\t<\/div>\n\t\t\t\t<\/div>\n\t\t\t\t<div class=\"elementor-element elementor-element-a229aaf elementor-absolute elementor-widget elementor-widget-image\" data-id=\"a229aaf\" data-element_type=\"widget\" data-settings=\"{&quot;_position&quot;:&quot;absolute&quot;,&quot;ekit_we_effect_on&quot;:&quot;none&quot;}\" data-widget_type=\"image.default\">\n\t\t\t\t\t\t\t\t\t\t\t\t\t\t\t<img decoding=\"async\" src=\"https:\/\/hidraumatica.com.br\/novo\/wp-content\/uploads\/elementor\/thumbs\/Loja-saiba-mais-rek14y3jbdf5q2funya9xt2ahddm10fzz3lhse28so.jpg\" title=\"Atendimento na loja Hidraum\u00e1tica em Juiz de Fora &#8211; Pe\u00e7as hidr\u00e1ulicas e pneum\u00e1ticas\" alt=\"Colaborador da Hidraum\u00e1tica atendendo clientes no balc\u00e3o da loja em Juiz de Fora, especializada em sistemas hidr\u00e1ulicos e pneum\u00e1ticos.\" loading=\"lazy\" \/>\t\t\t\t\t\t\t\t\t\t\t\t\t\t\t<\/div>\n\t\t<div class=\"elementor-element elementor-element-a50024d e-con-full e-flex e-con e-child\" data-id=\"a50024d\" data-element_type=\"container\" data-settings=\"{&quot;ekit_has_onepagescroll_dot&quot;:&quot;yes&quot;}\">\n\t\t\t\t<div class=\"elementor-element elementor-element-308bb46 elementor-widget elementor-widget-text-editor\" data-id=\"308bb46\" data-element_type=\"widget\" data-settings=\"{&quot;ekit_we_effect_on&quot;:&quot;none&quot;}\" data-widget_type=\"text-editor.default\">\n\t\t\t\t\t\t\t\t\t<p data-start=\"162\" data-end=\"356\">Na Hidraum\u00e1tica\u00ae, realizamos vendas <strong data-start=\"434\" data-end=\"463\">presenciais e \u00e0 dist\u00e2ncia<\/strong>, oferecendo atendimento <strong data-start=\"488\" data-end=\"540\">especializado em pe\u00e7as hidr\u00e1ulicas e pneum\u00e1ticas<\/strong> para empresas e profissionais dos setores ferrovi\u00e1rio, industrial, agr\u00edcola e m\u00f3bil. Nossa equipe est\u00e1 pronta para esclarecer d\u00favidas e fornecer suporte t\u00e9cnico completo<\/p><p data-start=\"362\" data-end=\"538\">\u00a0<\/p>\t\t\t\t\t\t\t\t<\/div>\n\t\t\t\t<\/div>\n\t\t\t\t\t<\/div>\n\t\t\t\t<\/div>\n\t\t\t\t<\/div>\n\t\t<div class=\"elementor-element elementor-element-3323d2b e-flex e-con-boxed e-con e-parent\" data-id=\"3323d2b\" data-element_type=\"container\" data-settings=\"{&quot;background_background&quot;:&quot;classic&quot;,&quot;ekit_has_onepagescroll_dot&quot;:&quot;yes&quot;}\">\n\t\t\t\t\t<div class=\"e-con-inner\">\n\t\t<div class=\"elementor-element elementor-element-66bf341 e-con-full e-flex e-con e-child\" data-id=\"66bf341\" data-element_type=\"container\" data-settings=\"{&quot;ekit_has_onepagescroll_dot&quot;:&quot;yes&quot;}\">\n\t\t\t\t<div class=\"elementor-element elementor-element-80e0b5a elementor-widget elementor-widget-text-editor\" data-id=\"80e0b5a\" data-element_type=\"widget\" data-settings=\"{&quot;ekit_we_effect_on&quot;:&quot;none&quot;}\" data-widget_type=\"text-editor.default\">\n\t\t\t\t\t\t\t\t\t<p data-start=\"1081\" data-end=\"1204\">Solicite suas pe\u00e7as em nossos canais de atendimento e tire todas as suas d\u00favidas com nossos <strong data-start=\"454\" data-end=\"488\">especialistas da Hidraum\u00e1tica\u00ae<\/strong>, garantindo suporte t\u00e9cnico r\u00e1pido e confi\u00e1vel.<\/p>\t\t\t\t\t\t\t\t<\/div>\n\t\t\t\t<div class=\"elementor-element elementor-element-d94dd41 elementor-widget elementor-widget-text-editor\" data-id=\"d94dd41\" data-element_type=\"widget\" data-settings=\"{&quot;ekit_we_effect_on&quot;:&quot;none&quot;}\" data-widget_type=\"text-editor.default\">\n\t\t\t\t\t\t\t\t\t<p><strong>Telefone: (32) 3223 \u2013 5107<br \/><\/strong><strong>Whatsapp: (32) 9 9971 &#8211; 2320<br \/><\/strong><strong>Email: <\/strong><strong>loja@hidraumatica.com.br<\/strong><\/p>\t\t\t\t\t\t\t\t<\/div>\n\t\t\t\t<\/div>\n\t\t\t\t\t<\/div>\n\t\t\t\t<\/div>\n\t\t<div class=\"elementor-element elementor-element-ce08d2c e-flex e-con-boxed e-con e-parent\" data-id=\"ce08d2c\" data-element_type=\"container\" data-settings=\"{&quot;ekit_has_onepagescroll_dot&quot;:&quot;yes&quot;}\">\n\t\t\t\t\t<div class=\"e-con-inner\">\n\t\t\t\t<div class=\"elementor-element elementor-element-9a0b659 elementor-widget elementor-widget-google_maps\" data-id=\"9a0b659\" data-element_type=\"widget\" data-settings=\"{&quot;ekit_we_effect_on&quot;:&quot;none&quot;}\" data-widget_type=\"google_maps.default\">\n\t\t\t\t\t\t\t<div class=\"elementor-custom-embed\">\n\t\t\t<iframe loading=\"lazy\"\n\t\t\t\t\tsrc=\"https:\/\/maps.google.com\/maps?q=Rua%20Eliza%20Ara%C3%BAjo%20Braga%20239%2C%20Juiz%20de%20Fora%2C%20MG%2C%2036081-380%20&#038;t=m&#038;z=17&#038;output=embed&#038;iwloc=near\"\n\t\t\t\t\ttitle=\"Rua Eliza Ara\u00fajo Braga 239, Juiz de Fora, MG, 36081-380 \"\n\t\t\t\t\taria-label=\"Rua Eliza Ara\u00fajo Braga 239, Juiz de Fora, MG, 36081-380 \"\n\t\t\t><\/iframe>\n\t\t<\/div>\n\t\t\t\t\t\t<\/div>\n\t\t\t\t\t<\/div>\n\t\t\t\t<\/div>\n\t\t\t\t<\/div>\n\t\t","protected":false},"excerpt":{"rendered":"<p>Nossa Loja Na Hidraum\u00e1tica\u00ae, realizamos vendas presenciais e \u00e0 dist\u00e2ncia, oferecendo atendimento especializado em pe\u00e7as hidr\u00e1ulicas e pneum\u00e1ticas para empresas e profissionais dos setores ferrovi\u00e1rio, industrial, agr\u00edcola e m\u00f3bil. Nossa equipe est\u00e1 pronta para esclarecer d\u00favidas e fornecer suporte t\u00e9cnico completo \u00a0 Solicite suas pe\u00e7as em nossos canais de atendimento e tire todas as suas [&hellip;]<\/p>\n","protected":false},"author":1,"featured_media":0,"parent":0,"menu_order":0,"comment_status":"closed","ping_status":"closed","template":"elementor_header_footer","meta":{"footnotes":""},"class_list":["post-14","page","type-page","status-publish","hentry"],"_links":{"self":[{"href":"https:\/\/hidraumatica.com.br\/novo\/wp-json\/wp\/v2\/pages\/14","targetHints":{"allow":["GET"]}}],"collection":[{"href":"https:\/\/hidraumatica.com.br\/novo\/wp-json\/wp\/v2\/pages"}],"about":[{"href":"https:\/\/hidraumatica.com.br\/novo\/wp-json\/wp\/v2\/types\/page"}],"author":[{"embeddable":true,"href":"https:\/\/hidraumatica.com.br\/novo\/wp-json\/wp\/v2\/users\/1"}],"replies":[{"embeddable":true,"href":"https:\/\/hidraumatica.com.br\/novo\/wp-json\/wp\/v2\/comments?post=14"}],"version-history":[{"count":12,"href":"https:\/\/hidraumatica.com.br\/novo\/wp-json\/wp\/v2\/pages\/14\/revisions"}],"predecessor-version":[{"id":757,"href":"https:\/\/hidraumatica.com.br\/novo\/wp-json\/wp\/v2\/pages\/14\/revisions\/757"}],"wp:attachment":[{"href":"https:\/\/hidraumatica.com.br\/novo\/wp-json\/wp\/v2\/media?parent=14"}],"curies":[{"name":"wp","href":"https:\/\/api.w.org\/{rel}","templated":true}]}}