{"id":23,"date":"2025-07-18T17:50:57","date_gmt":"2025-07-18T20:50:57","guid":{"rendered":"https:\/\/hidraumatica.com.br\/novo\/?page_id=23"},"modified":"2025-10-10T17:36:59","modified_gmt":"2025-10-10T20:36:59","slug":"industrial","status":"publish","type":"page","link":"https:\/\/hidraumatica.com.br\/novo\/servicos\/industrial\/","title":{"rendered":"Industrial"},"content":{"rendered":"\t\t<div data-elementor-type=\"wp-page\" data-elementor-id=\"23\" class=\"elementor elementor-23\" data-elementor-post-type=\"page\">\n\t\t\t\t<div class=\"elementor-element elementor-element-1af5a0d e-con-full e-flex e-con e-parent\" data-id=\"1af5a0d\" data-element_type=\"container\" data-settings=\"{&quot;ekit_has_onepagescroll_dot&quot;:&quot;yes&quot;}\">\n\t\t\t\t<div class=\"elementor-element elementor-element-0e6b4e8 elementor-widget elementor-widget-heading\" data-id=\"0e6b4e8\" data-element_type=\"widget\" data-settings=\"{&quot;ekit_we_effect_on&quot;:&quot;none&quot;}\" data-widget_type=\"heading.default\">\n\t\t\t\t\t<h2 class=\"elementor-heading-title elementor-size-default\">Setor Industrial<\/h2>\t\t\t\t<\/div>\n\t\t\t\t<\/div>\n\t\t<div class=\"elementor-element elementor-element-da9b284 e-con-full bg-container e-flex e-con e-parent\" data-id=\"da9b284\" data-element_type=\"container\" data-settings=\"{&quot;background_background&quot;:&quot;classic&quot;,&quot;ekit_has_onepagescroll_dot&quot;:&quot;yes&quot;}\">\n\t\t<div class=\"elementor-element elementor-element-8886d54 teste e-flex e-con-boxed e-con e-child\" data-id=\"8886d54\" data-element_type=\"container\" data-settings=\"{&quot;background_background&quot;:&quot;classic&quot;,&quot;ekit_has_onepagescroll_dot&quot;:&quot;yes&quot;}\">\n\t\t\t\t\t<div class=\"e-con-inner\">\n\t\t\t\t<div class=\"elementor-element elementor-element-ee69777 elementor-widget__width-initial elementor-widget elementor-widget-text-editor\" data-id=\"ee69777\" data-element_type=\"widget\" data-settings=\"{&quot;ekit_we_effect_on&quot;:&quot;none&quot;}\" data-widget_type=\"text-editor.default\">\n\t\t\t\t\t\t\t\t\t<blockquote data-start=\"1079\" data-end=\"1415\"><p data-start=\"1081\" data-end=\"1415\">No setor industrial, <strong>efici\u00eancia<\/strong> e <strong>precis\u00e3o<\/strong> s\u00e3o essenciais. A <strong>Hidraum\u00e1tica\u00ae<\/strong> atua no desenvolvimento de projetos voltados \u00e0 constru\u00e7\u00e3o mec\u00e2nica, oferecendo <strong>solu\u00e7\u00f5es completas<\/strong> em sistemas <strong>hidr\u00e1ulicos<\/strong>, <strong>pneum\u00e1ticos <\/strong>e <strong>mec\u00e2nicos<\/strong>. Nossa equipe combina experi\u00eancia t\u00e9cnica e tecnologia de ponta para atender \u00e0s mais diversas demandas do setor.<\/p><\/blockquote>\t\t\t\t\t\t\t\t<\/div>\n\t\t\t\t\t<\/div>\n\t\t\t\t<\/div>\n\t\t\t\t<\/div>\n\t\t<div class=\"elementor-element elementor-element-15cff09 e-con-full e-flex e-con e-parent\" data-id=\"15cff09\" data-element_type=\"container\" data-settings=\"{&quot;background_background&quot;:&quot;classic&quot;,&quot;ekit_has_onepagescroll_dot&quot;:&quot;yes&quot;}\">\n\t\t<div class=\"elementor-element elementor-element-9593ce3 e-flex e-con-boxed e-con e-child\" data-id=\"9593ce3\" data-element_type=\"container\" data-settings=\"{&quot;ekit_has_onepagescroll_dot&quot;:&quot;yes&quot;}\">\n\t\t\t\t\t<div class=\"e-con-inner\">\n\t\t\t\t<div class=\"elementor-element elementor-element-65f0c5c elementor-widget elementor-widget-image\" data-id=\"65f0c5c\" data-element_type=\"widget\" data-settings=\"{&quot;ekit_we_effect_on&quot;:&quot;none&quot;}\" data-widget_type=\"image.default\">\n\t\t\t\t\t\t\t\t\t\t\t\t<figure class=\"wp-caption\">\n\t\t\t\t\t\t\t\t\t\t<img fetchpriority=\"high\" decoding=\"async\" width=\"800\" height=\"614\" src=\"https:\/\/hidraumatica.com.br\/novo\/wp-content\/uploads\/2025\/10\/Imagem1.jpg\" class=\"attachment-large size-large wp-image-665\" alt=\"\" srcset=\"https:\/\/hidraumatica.com.br\/novo\/wp-content\/uploads\/2025\/10\/Imagem1.jpg 853w, https:\/\/hidraumatica.com.br\/novo\/wp-content\/uploads\/2025\/10\/Imagem1-300x230.jpg 300w, https:\/\/hidraumatica.com.br\/novo\/wp-content\/uploads\/2025\/10\/Imagem1-768x590.jpg 768w, https:\/\/hidraumatica.com.br\/novo\/wp-content\/uploads\/2025\/10\/Imagem1-200x154.jpg 200w\" sizes=\"(max-width: 800px) 100vw, 800px\" \/>\t\t\t\t\t\t\t\t\t\t\t<figcaption class=\"widget-image-caption wp-caption-text\">Unidade de abastecimento<\/figcaption>\n\t\t\t\t\t\t\t\t\t\t<\/figure>\n\t\t\t\t\t\t\t\t\t<\/div>\n\t\t\t\t\t<\/div>\n\t\t\t\t<\/div>\n\t\t<div class=\"elementor-element elementor-element-badca09 e-flex e-con-boxed e-con e-child\" data-id=\"badca09\" data-element_type=\"container\" data-settings=\"{&quot;ekit_has_onepagescroll_dot&quot;:&quot;yes&quot;}\">\n\t\t\t\t\t<div class=\"e-con-inner\">\n\t\t\t\t<div class=\"elementor-element elementor-element-60108f7 elementor-widget elementor-widget-heading\" data-id=\"60108f7\" data-element_type=\"widget\" data-settings=\"{&quot;ekit_we_effect_on&quot;:&quot;none&quot;}\" data-widget_type=\"heading.default\">\n\t\t\t\t\t<h2 class=\"elementor-heading-title elementor-size-default\">Projetos, Retrofitting e Manuten\u00e7\u00e3o Industrial<\/h2>\t\t\t\t<\/div>\n\t\t\t\t<div class=\"elementor-element elementor-element-ad7f60e elementor-widget elementor-widget-text-editor\" data-id=\"ad7f60e\" data-element_type=\"widget\" data-settings=\"{&quot;ekit_we_effect_on&quot;:&quot;none&quot;}\" data-widget_type=\"text-editor.default\">\n\t\t\t\t\t\t\t\t\t<p data-start=\"1131\" data-end=\"1421\">Desenvolvemos projetos personalizados para constru\u00e7\u00e3o de partes e componentes, utilizando tecnologia de usinagem convencional e CNC. Atuamos tamb\u00e9m em processos de metalurgia, montagem mec\u00e2nica e retrofitting de equipamentos com sistemas hidr\u00e1ulicos, pneum\u00e1ticos e mec\u00e2nicos.<\/p><p data-start=\"1423\" data-end=\"1588\">Al\u00e9m da execu\u00e7\u00e3o t\u00e9cnica, oferecemos <strong data-start=\"1460\" data-end=\"1489\">consultoria especializada<\/strong>, com <strong data-start=\"1495\" data-end=\"1566\">orienta\u00e7\u00e3o t\u00e9cnica, or\u00e7amentos detalhados e planejamento sob medida<\/strong> para cada opera\u00e7\u00e3o.<\/p>\t\t\t\t\t\t\t\t<\/div>\n\t\t\t\t\t<\/div>\n\t\t\t\t<\/div>\n\t\t\t\t<\/div>\n\t\t<div class=\"elementor-element elementor-element-9fdd466 e-con-full bg-container e-flex e-con e-parent\" data-id=\"9fdd466\" data-element_type=\"container\" data-settings=\"{&quot;background_background&quot;:&quot;classic&quot;,&quot;ekit_has_onepagescroll_dot&quot;:&quot;yes&quot;}\">\n\t\t\t\t<div class=\"elementor-element elementor-element-7fd045c elementor-widget elementor-widget-heading\" data-id=\"7fd045c\" data-element_type=\"widget\" data-settings=\"{&quot;ekit_we_effect_on&quot;:&quot;none&quot;}\" data-widget_type=\"heading.default\">\n\t\t\t\t\t<h2 class=\"elementor-heading-title elementor-size-default\">Mais do que manuten\u00e7\u00e3o: parceria e inova\u00e7\u00e3o<\/h2>\t\t\t\t<\/div>\n\t\t<div class=\"elementor-element elementor-element-c834285 teste e-flex e-con-boxed e-con e-child\" data-id=\"c834285\" data-element_type=\"container\" data-settings=\"{&quot;background_background&quot;:&quot;classic&quot;,&quot;ekit_has_onepagescroll_dot&quot;:&quot;yes&quot;}\">\n\t\t\t\t\t<div class=\"e-con-inner\">\n\t\t\t\t<div class=\"elementor-element elementor-element-1854f15 elementor-widget__width-initial elementor-widget elementor-widget-text-editor\" data-id=\"1854f15\" data-element_type=\"widget\" data-settings=\"{&quot;ekit_we_effect_on&quot;:&quot;none&quot;}\" data-widget_type=\"text-editor.default\">\n\t\t\t\t\t\t\t\t\t<p>Na <strong>Hidraum\u00e1tica\u00ae<\/strong>, acreditamos que cada projeto industrial \u00e9 uma oportunidade de evolu\u00e7\u00e3o. Por isso, buscamos constantemente novas solu\u00e7\u00f5es que aumentem o <strong>desempenho<\/strong> e a <strong>vida \u00fatil<\/strong> dos equipamentos, reduzindo paradas e <strong>otimizando resultados<\/strong>.<\/p>\t\t\t\t\t\t\t\t<\/div>\n\t\t<div class=\"elementor-element elementor-element-07d87da e-con-full e-flex e-con e-child\" data-id=\"07d87da\" data-element_type=\"container\" data-settings=\"{&quot;ekit_has_onepagescroll_dot&quot;:&quot;yes&quot;}\">\n\t\t\t\t<div class=\"elementor-element elementor-element-72de07d elementor-widget elementor-widget-text-editor\" data-id=\"72de07d\" data-element_type=\"widget\" data-settings=\"{&quot;ekit_we_effect_on&quot;:&quot;none&quot;}\" data-widget_type=\"text-editor.default\">\n\t\t\t\t\t\t\t\t\t<p data-start=\"1590\" data-end=\"1616\"><strong data-start=\"1590\" data-end=\"1614\">Principais servi\u00e7os:<\/strong><\/p><ul data-start=\"1617\" data-end=\"1901\"><li data-start=\"1617\" data-end=\"1707\"><p data-start=\"1619\" data-end=\"1707\">Projetos e instala\u00e7\u00f5es de circuitos e pain\u00e9is de distribui\u00e7\u00e3o pneum\u00e1tica e hidr\u00e1ulica;<\/p><\/li><li data-start=\"1708\" data-end=\"1741\"><p data-start=\"1710\" data-end=\"1741\">Manuten\u00e7\u00e3o de filtros prensa;<\/p><\/li><li data-start=\"1742\" data-end=\"1787\"><p data-start=\"1744\" data-end=\"1787\">Medi\u00e7\u00e3o e regulagem de press\u00e3o de bombas;<\/p><\/li><li data-start=\"1788\" data-end=\"1832\"><p data-start=\"1790\" data-end=\"1832\">Corre\u00e7\u00e3o de vazamentos e fugas internas;<\/p><\/li><li data-start=\"1833\" data-end=\"1901\"><p data-start=\"1835\" data-end=\"1901\">Substitui\u00e7\u00e3o de pe\u00e7as originais e componentes de alta performance.<\/p><\/li><\/ul>\t\t\t\t\t\t\t\t<\/div>\n\t\t\t\t<\/div>\n\t\t\t\t\t<\/div>\n\t\t\t\t<\/div>\n\t\t\t\t<\/div>\n\t\t<div class=\"elementor-element elementor-element-67015a0 e-flex e-con-boxed e-con e-parent\" data-id=\"67015a0\" data-element_type=\"container\" data-settings=\"{&quot;ekit_has_onepagescroll_dot&quot;:&quot;yes&quot;}\">\n\t\t\t\t\t<div class=\"e-con-inner\">\n\t\t<div class=\"elementor-element elementor-element-2747756 e-con-full e-flex e-con e-child\" data-id=\"2747756\" data-element_type=\"container\" data-settings=\"{&quot;ekit_has_onepagescroll_dot&quot;:&quot;yes&quot;}\">\n\t\t\t\t<div class=\"elementor-element elementor-element-36ef5ae elementor-widget elementor-widget-heading\" data-id=\"36ef5ae\" data-element_type=\"widget\" data-settings=\"{&quot;ekit_we_effect_on&quot;:&quot;none&quot;}\" data-widget_type=\"heading.default\">\n\t\t\t\t\t<h2 class=\"elementor-heading-title elementor-size-default\">Pronto para otimizar sua opera\u00e7\u00e3o industrial?<\/h2>\t\t\t\t<\/div>\n\t\t\t\t<\/div>\n\t\t<div class=\"elementor-element elementor-element-e67a4be e-con-full e-flex e-con e-child\" data-id=\"e67a4be\" data-element_type=\"container\" data-settings=\"{&quot;ekit_has_onepagescroll_dot&quot;:&quot;yes&quot;}\">\n\t\t\t\t<div class=\"elementor-element elementor-element-67a1d56 elementor-widget elementor-widget-text-editor\" data-id=\"67a1d56\" data-element_type=\"widget\" data-settings=\"{&quot;ekit_we_effect_on&quot;:&quot;none&quot;}\" data-widget_type=\"text-editor.default\">\n\t\t\t\t\t\t\t\t\t<p data-start=\"2760\" data-end=\"2903\">Na <strong>Hidraum\u00e1tica\u00ae<\/strong>, cada projeto \u00e9 desenvolvido para garantir <strong>efici\u00eancia<\/strong>, <strong>seguran\u00e7a<\/strong> e <strong>alta performance<\/strong>.<br data-start=\"352\" data-end=\"355\" \/>Com solu\u00e7\u00f5es <strong>hidr\u00e1ulicas<\/strong> e <strong>pneum\u00e1ticas<\/strong> sob medida, transformamos desafios industriais em oportunidades de produtividade e inova\u00e7\u00e3o.<\/p>\t\t\t\t\t\t\t\t<\/div>\n\t\t\t\t<div class=\"elementor-element elementor-element-055f390 elementor-align-center elementor-widget elementor-widget-button\" data-id=\"055f390\" data-element_type=\"widget\" data-settings=\"{&quot;ekit_we_effect_on&quot;:&quot;none&quot;}\" data-widget_type=\"button.default\">\n\t\t\t\t\t\t\t\t\t\t<a class=\"elementor-button elementor-button-link elementor-size-sm\" href=\"https:\/\/hidraumatica.com.br\/contato\/\">\n\t\t\t\t\t\t<span class=\"elementor-button-content-wrapper\">\n\t\t\t\t\t\t\t\t\t<span class=\"elementor-button-text\">Fale com nossa equipe<\/span>\n\t\t\t\t\t<\/span>\n\t\t\t\t\t<\/a>\n\t\t\t\t\t\t\t\t<\/div>\n\t\t\t\t<\/div>\n\t\t\t\t\t<\/div>\n\t\t\t\t<\/div>\n\t\t\t\t<\/div>\n\t\t","protected":false},"excerpt":{"rendered":"<p>Setor Industrial No setor industrial, efici\u00eancia e precis\u00e3o s\u00e3o essenciais. A Hidraum\u00e1tica\u00ae atua no desenvolvimento de projetos voltados \u00e0 constru\u00e7\u00e3o mec\u00e2nica, oferecendo solu\u00e7\u00f5es completas em sistemas hidr\u00e1ulicos, pneum\u00e1ticos e mec\u00e2nicos. Nossa equipe combina experi\u00eancia t\u00e9cnica e tecnologia de ponta para atender \u00e0s mais diversas demandas do setor. Unidade de abastecimento Projetos, Retrofitting e Manuten\u00e7\u00e3o Industrial [&hellip;]<\/p>\n","protected":false},"author":1,"featured_media":0,"parent":13,"menu_order":0,"comment_status":"closed","ping_status":"closed","template":"elementor_header_footer","meta":{"footnotes":""},"class_list":["post-23","page","type-page","status-publish","hentry"],"_links":{"self":[{"href":"https:\/\/hidraumatica.com.br\/novo\/wp-json\/wp\/v2\/pages\/23","targetHints":{"allow":["GET"]}}],"collection":[{"href":"https:\/\/hidraumatica.com.br\/novo\/wp-json\/wp\/v2\/pages"}],"about":[{"href":"https:\/\/hidraumatica.com.br\/novo\/wp-json\/wp\/v2\/types\/page"}],"author":[{"embeddable":true,"href":"https:\/\/hidraumatica.com.br\/novo\/wp-json\/wp\/v2\/users\/1"}],"replies":[{"embeddable":true,"href":"https:\/\/hidraumatica.com.br\/novo\/wp-json\/wp\/v2\/comments?post=23"}],"version-history":[{"count":0,"href":"https:\/\/hidraumatica.com.br\/novo\/wp-json\/wp\/v2\/pages\/23\/revisions"}],"up":[{"embeddable":true,"href":"https:\/\/hidraumatica.com.br\/novo\/wp-json\/wp\/v2\/pages\/13"}],"wp:attachment":[{"href":"https:\/\/hidraumatica.com.br\/novo\/wp-json\/wp\/v2\/media?parent=23"}],"curies":[{"name":"wp","href":"https:\/\/api.w.org\/{rel}","templated":true}]}}