{"id":24,"date":"2025-07-18T17:50:53","date_gmt":"2025-07-18T20:50:53","guid":{"rendered":"https:\/\/hidraumatica.com.br\/novo\/?page_id=24"},"modified":"2025-10-16T18:00:53","modified_gmt":"2025-10-16T21:00:53","slug":"ferroviario-metroviario","status":"publish","type":"page","link":"https:\/\/hidraumatica.com.br\/novo\/servicos\/ferroviario-metroviario\/","title":{"rendered":"Ferrovi\u00e1rio\/Metrovi\u00e1rio"},"content":{"rendered":"\t\t<div data-elementor-type=\"wp-page\" data-elementor-id=\"24\" class=\"elementor elementor-24\" data-elementor-post-type=\"page\">\n\t\t\t\t<div class=\"elementor-element elementor-element-89ef15d e-con-full e-flex e-con e-parent\" data-id=\"89ef15d\" data-element_type=\"container\" data-settings=\"{&quot;ekit_has_onepagescroll_dot&quot;:&quot;yes&quot;}\">\n\t\t\t\t<div class=\"elementor-element elementor-element-e456864 elementor-widget elementor-widget-heading\" data-id=\"e456864\" data-element_type=\"widget\" data-settings=\"{&quot;ekit_we_effect_on&quot;:&quot;none&quot;}\" data-widget_type=\"heading.default\">\n\t\t\t\t\t<h2 class=\"elementor-heading-title elementor-size-default\">Setor Ferrovi\u00e1rio\/Metrovi\u00e1rio<\/h2>\t\t\t\t<\/div>\n\t\t\t\t<\/div>\n\t\t<div class=\"elementor-element elementor-element-10c2731 e-con-full bg-container e-flex e-con e-parent\" data-id=\"10c2731\" data-element_type=\"container\" data-settings=\"{&quot;background_background&quot;:&quot;classic&quot;,&quot;ekit_has_onepagescroll_dot&quot;:&quot;yes&quot;}\">\n\t\t<div class=\"elementor-element elementor-element-709afb9 teste e-flex e-con-boxed e-con e-child\" data-id=\"709afb9\" data-element_type=\"container\" data-settings=\"{&quot;background_background&quot;:&quot;classic&quot;,&quot;ekit_has_onepagescroll_dot&quot;:&quot;yes&quot;}\">\n\t\t\t\t\t<div class=\"e-con-inner\">\n\t\t\t\t<div class=\"elementor-element elementor-element-8e64dea elementor-widget__width-initial elementor-widget elementor-widget-text-editor\" data-id=\"8e64dea\" data-element_type=\"widget\" data-settings=\"{&quot;ekit_we_effect_on&quot;:&quot;none&quot;}\" data-widget_type=\"text-editor.default\">\n\t\t\t\t\t\t\t\t\t<p>No setor ferrovi\u00e1rio e metrovi\u00e1rio, cada detalhe faz diferen\u00e7a. Na <strong>Hidraum\u00e1tica\u00ae<\/strong>, garantimos que seus ve\u00edculos e equipamentos operem com <strong data-start=\"736\" data-end=\"781\">seguran\u00e7a, precis\u00e3o e desempenho cont\u00ednuo<\/strong>, mantendo a infraestrutura sobre trilhos sempre confi\u00e1vel e eficiente.<\/p>\t\t\t\t\t\t\t\t<\/div>\n\t\t\t\t\t<\/div>\n\t\t\t\t<\/div>\n\t\t\t\t<\/div>\n\t\t<div class=\"elementor-element elementor-element-4713052 e-con-full e-flex e-con e-parent\" data-id=\"4713052\" data-element_type=\"container\" data-settings=\"{&quot;ekit_has_onepagescroll_dot&quot;:&quot;yes&quot;}\">\n\t\t<div class=\"elementor-element elementor-element-63aff6f e-flex e-con-boxed e-con e-child\" data-id=\"63aff6f\" data-element_type=\"container\" data-settings=\"{&quot;ekit_has_onepagescroll_dot&quot;:&quot;yes&quot;}\">\n\t\t\t\t\t<div class=\"e-con-inner\">\n\t\t\t\t<div class=\"elementor-element elementor-element-618a322 elementor-widget elementor-widget-heading\" data-id=\"618a322\" data-element_type=\"widget\" data-settings=\"{&quot;ekit_we_effect_on&quot;:&quot;none&quot;}\" data-widget_type=\"heading.default\">\n\t\t\t\t\t<h2 class=\"elementor-heading-title elementor-size-default\">Excel\u00eancia em manuten\u00e7\u00e3o e reforma sobre trilhos<\/h2>\t\t\t\t<\/div>\n\t\t\t\t<div class=\"elementor-element elementor-element-db9e6cf elementor-widget elementor-widget-text-editor\" data-id=\"db9e6cf\" data-element_type=\"widget\" data-settings=\"{&quot;ekit_we_effect_on&quot;:&quot;none&quot;}\" data-widget_type=\"text-editor.default\">\n\t\t\t\t\t\t\t\t\t<p>A <strong>Hidraum\u00e1tica\u00ae<\/strong> \u00e9 especializada em reformas parciais ou totais e manuten\u00e7\u00e3o de componentes hidr\u00e1ulicos e pneum\u00e1ticos de ve\u00edculos e equipamentos de via permanente, tanto para setor ferrovi\u00e1rio quanto para o metrovi\u00e1rio.<\/p>\t\t\t\t\t\t\t\t<\/div>\n\t\t\t\t\t<\/div>\n\t\t\t\t<\/div>\n\t\t<div class=\"elementor-element elementor-element-07ffd68 e-flex e-con-boxed e-con e-child\" data-id=\"07ffd68\" data-element_type=\"container\" data-settings=\"{&quot;ekit_has_onepagescroll_dot&quot;:&quot;yes&quot;}\">\n\t\t\t\t\t<div class=\"e-con-inner\">\n\t\t\t\t<div class=\"elementor-element elementor-element-8ed5d52 elementor-widget elementor-widget-image\" data-id=\"8ed5d52\" data-element_type=\"widget\" data-settings=\"{&quot;ekit_we_effect_on&quot;:&quot;none&quot;}\" data-widget_type=\"image.default\">\n\t\t\t\t\t\t\t\t\t\t\t\t<figure class=\"wp-caption\">\n\t\t\t\t\t\t\t\t\t\t<img fetchpriority=\"high\" decoding=\"async\" width=\"800\" height=\"370\" src=\"https:\/\/hidraumatica.com.br\/novo\/wp-content\/uploads\/2025\/10\/Carro-de-inspecao-antes-01-1024x474.jpeg\" class=\"attachment-large size-large wp-image-603\" alt=\"\" srcset=\"https:\/\/hidraumatica.com.br\/novo\/wp-content\/uploads\/2025\/10\/Carro-de-inspecao-antes-01-1024x474.jpeg 1024w, https:\/\/hidraumatica.com.br\/novo\/wp-content\/uploads\/2025\/10\/Carro-de-inspecao-antes-01-300x139.jpeg 300w, https:\/\/hidraumatica.com.br\/novo\/wp-content\/uploads\/2025\/10\/Carro-de-inspecao-antes-01-768x355.jpeg 768w, https:\/\/hidraumatica.com.br\/novo\/wp-content\/uploads\/2025\/10\/Carro-de-inspecao-antes-01-200x93.jpeg 200w, https:\/\/hidraumatica.com.br\/novo\/wp-content\/uploads\/2025\/10\/Carro-de-inspecao-antes-01.jpeg 1280w\" sizes=\"(max-width: 800px) 100vw, 800px\" \/>\t\t\t\t\t\t\t\t\t\t\t<figcaption class=\"widget-image-caption wp-caption-text\">Antes<\/figcaption>\n\t\t\t\t\t\t\t\t\t\t<\/figure>\n\t\t\t\t\t\t\t\t\t<\/div>\n\t\t\t\t\t<\/div>\n\t\t\t\t<\/div>\n\t\t\t\t<\/div>\n\t\t<div class=\"elementor-element elementor-element-5d35f66 e-con-full e-flex e-con e-parent\" data-id=\"5d35f66\" data-element_type=\"container\" data-settings=\"{&quot;background_background&quot;:&quot;classic&quot;,&quot;ekit_has_onepagescroll_dot&quot;:&quot;yes&quot;}\">\n\t\t<div class=\"elementor-element elementor-element-4e47cd5 e-flex e-con-boxed e-con e-child\" data-id=\"4e47cd5\" data-element_type=\"container\" data-settings=\"{&quot;ekit_has_onepagescroll_dot&quot;:&quot;yes&quot;}\">\n\t\t\t\t\t<div class=\"e-con-inner\">\n\t\t\t\t<div class=\"elementor-element elementor-element-552b183 elementor-widget elementor-widget-heading\" data-id=\"552b183\" data-element_type=\"widget\" data-settings=\"{&quot;ekit_we_effect_on&quot;:&quot;none&quot;}\" data-widget_type=\"heading.default\">\n\t\t\t\t\t<h2 class=\"elementor-heading-title elementor-size-default\">Parceira das principais concession\u00e1rias do pa\u00eds<\/h2>\t\t\t\t<\/div>\n\t\t\t\t<div class=\"elementor-element elementor-element-91c5d4f elementor-widget elementor-widget-text-editor\" data-id=\"91c5d4f\" data-element_type=\"widget\" data-settings=\"{&quot;ekit_we_effect_on&quot;:&quot;none&quot;}\" data-widget_type=\"text-editor.default\">\n\t\t\t\t\t\t\t\t\t<p>Trabalhamos com as principais concession\u00e1rias do pa\u00eds, como: <strong>Vale\u00ae, Rumo\u00ae, FCA\u00ae, MRS\u00ae, Cia Metropolitana de S\u00e3o Paulo\u00ae<\/strong>, entre outras. Estabelecemos contratos de manuten\u00e7\u00e3o duradoura para ve\u00edculos e equipamentos de via que necessitam de constante revis\u00e3o, como por exemplo:<\/p>\t\t\t\t\t\t\t\t<\/div>\n\t\t<div class=\"elementor-element elementor-element-b51e4e7 e-con-full e-flex e-con e-child\" data-id=\"b51e4e7\" data-element_type=\"container\" data-settings=\"{&quot;ekit_has_onepagescroll_dot&quot;:&quot;yes&quot;}\">\n\t\t\t\t<div class=\"elementor-element elementor-element-e958d29 elementor-widget elementor-widget-text-editor\" data-id=\"e958d29\" data-element_type=\"widget\" data-settings=\"{&quot;ekit_we_effect_on&quot;:&quot;none&quot;}\" data-widget_type=\"text-editor.default\">\n\t\t\t\t\t\t\t\t\t<ul><li><strong>Caminh\u00f5es de linha <\/strong>(Geovia, Plasser)<\/li><li><strong>Esmerilhadoras<\/strong><\/li><li><strong>Desguarnecedoras <\/strong>(limpeza de ombros e lastro de via)<\/li><li><strong>Socadoras de lastro<\/strong><\/li><li><strong>Reguladoras de lastro<\/strong><\/li><li><strong>Ve\u00edculos de inspe\u00e7\u00e3o de vias<\/strong><\/li><li><strong>Ve\u00edculos de via para capina qu\u00edmica<\/strong><\/li><li><strong>Loco-tratores<\/strong><\/li><li><strong>Rodo-ferrovi\u00e1rios<\/strong><\/li><li><strong>Caixas especiais para ferrovia (velocidade, transmiss\u00e3o, revers\u00e3o, tra\u00e7\u00e3o, entre outras)<\/strong><\/li><li><strong>Eixos livres para equipamentos especiais de ferrovia.<\/strong><\/li><\/ul>\t\t\t\t\t\t\t\t<\/div>\n\t\t\t\t<\/div>\n\t\t\t\t\t<\/div>\n\t\t\t\t<\/div>\n\t\t<div class=\"elementor-element elementor-element-59c899a e-flex e-con-boxed e-con e-child\" data-id=\"59c899a\" data-element_type=\"container\" data-settings=\"{&quot;ekit_has_onepagescroll_dot&quot;:&quot;yes&quot;}\">\n\t\t\t\t\t<div class=\"e-con-inner\">\n\t\t\t\t<div class=\"elementor-element elementor-element-96bca21 elementor-widget elementor-widget-image\" data-id=\"96bca21\" data-element_type=\"widget\" data-settings=\"{&quot;ekit_we_effect_on&quot;:&quot;none&quot;}\" data-widget_type=\"image.default\">\n\t\t\t\t\t\t\t\t\t\t\t\t<figure class=\"wp-caption\">\n\t\t\t\t\t\t\t\t\t\t<img decoding=\"async\" width=\"800\" height=\"600\" src=\"https:\/\/hidraumatica.com.br\/novo\/wp-content\/uploads\/2025\/10\/Carro-de-inspecao-01_nova-cor-1024x768.jpeg\" class=\"attachment-large size-large wp-image-607\" alt=\"\" srcset=\"https:\/\/hidraumatica.com.br\/novo\/wp-content\/uploads\/2025\/10\/Carro-de-inspecao-01_nova-cor-1024x768.jpeg 1024w, https:\/\/hidraumatica.com.br\/novo\/wp-content\/uploads\/2025\/10\/Carro-de-inspecao-01_nova-cor-300x225.jpeg 300w, https:\/\/hidraumatica.com.br\/novo\/wp-content\/uploads\/2025\/10\/Carro-de-inspecao-01_nova-cor-768x576.jpeg 768w, https:\/\/hidraumatica.com.br\/novo\/wp-content\/uploads\/2025\/10\/Carro-de-inspecao-01_nova-cor-1536x1153.jpeg 1536w, https:\/\/hidraumatica.com.br\/novo\/wp-content\/uploads\/2025\/10\/Carro-de-inspecao-01_nova-cor-200x150.jpeg 200w, https:\/\/hidraumatica.com.br\/novo\/wp-content\/uploads\/2025\/10\/Carro-de-inspecao-01_nova-cor.jpeg 1599w\" sizes=\"(max-width: 800px) 100vw, 800px\" \/>\t\t\t\t\t\t\t\t\t\t\t<figcaption class=\"widget-image-caption wp-caption-text\">Depois<\/figcaption>\n\t\t\t\t\t\t\t\t\t\t<\/figure>\n\t\t\t\t\t\t\t\t\t<\/div>\n\t\t\t\t\t<\/div>\n\t\t\t\t<\/div>\n\t\t\t\t<\/div>\n\t\t<div class=\"elementor-element elementor-element-4da3e69 e-con-full bg-container e-flex e-con e-parent\" data-id=\"4da3e69\" data-element_type=\"container\" data-settings=\"{&quot;background_background&quot;:&quot;classic&quot;,&quot;ekit_has_onepagescroll_dot&quot;:&quot;yes&quot;}\">\n\t\t\t\t<div class=\"elementor-element elementor-element-f5c757c elementor-widget elementor-widget-heading\" data-id=\"f5c757c\" data-element_type=\"widget\" data-settings=\"{&quot;ekit_we_effect_on&quot;:&quot;none&quot;}\" data-widget_type=\"heading.default\">\n\t\t\t\t\t<h2 class=\"elementor-heading-title elementor-size-default\">TrackStar: Excel\u00eancia em Inspe\u00e7\u00e3o Ferrovi\u00e1ria<\/h2>\t\t\t\t<\/div>\n\t\t<div class=\"elementor-element elementor-element-db73b8c teste e-flex e-con-boxed e-con e-child\" data-id=\"db73b8c\" data-element_type=\"container\" data-settings=\"{&quot;background_background&quot;:&quot;classic&quot;,&quot;ekit_has_onepagescroll_dot&quot;:&quot;yes&quot;}\">\n\t\t\t\t\t<div class=\"e-con-inner\">\n\t\t\t\t<div class=\"elementor-element elementor-element-60ab889 elementor-widget__width-initial elementor-widget elementor-widget-text-editor\" data-id=\"60ab889\" data-element_type=\"widget\" data-settings=\"{&quot;ekit_we_effect_on&quot;:&quot;none&quot;}\" data-widget_type=\"text-editor.default\">\n\t\t\t\t\t\t\t\t\t<p><strong>EXCLUSIVO: Manuten\u00e7\u00e3o de Caminh\u00e3o de inspe\u00e7\u00e3o ferrovi\u00e1ria (TrackStar)<\/strong><\/p><p data-start=\"1142\" data-end=\"1306\">A Hidraum\u00e1tica realiza, com exclusividade fornecida pela Holland\u00ae, a manuten\u00e7\u00e3o do caminh\u00e3o de inspe\u00e7\u00e3o ferrovi\u00e1ria <strong data-start=\"1258\" data-end=\"1271\">TrackStar<\/strong> \u2014 o \u00fanico em opera\u00e7\u00e3o no Brasil.<\/p><p data-start=\"1313\" data-end=\"1527\">Essa unidade de alta tecnologia \u00e9 respons\u00e1vel pela <strong data-start=\"1364\" data-end=\"1409\">inspe\u00e7\u00e3o e monitoramento das vias f\u00e9rreas<\/strong>, atendendo \u00e0s demandas de diversas concession\u00e1rias e tamb\u00e9m de \u00f3rg\u00e3os governamentais em todo o territ\u00f3rio nacional.<\/p><p data-start=\"1534\" data-end=\"1706\">O trabalho da Hidraum\u00e1tica garante que o TrackStar mantenha seu desempenho e precis\u00e3o m\u00e1ximos, <strong data-start=\"1629\" data-end=\"1703\">assegurando a efici\u00eancia e a seguran\u00e7a da malha ferrovi\u00e1ria brasileira<\/strong>.<\/p><p data-start=\"1713\" data-end=\"1921\">Com isso, reafirmamos nosso compromisso em oferecer solu\u00e7\u00f5es confi\u00e1veis e inovadoras para o setor <strong data-start=\"1811\" data-end=\"1840\">ferrovi\u00e1rio e metrovi\u00e1rio<\/strong>, contribuindo diretamente para o avan\u00e7o da infraestrutura de transporte no pa\u00eds.<\/p>\t\t\t\t\t\t\t\t<\/div>\n\t\t\t\t<div class=\"elementor-element elementor-element-5255125 elementor-widget elementor-widget-image\" data-id=\"5255125\" data-element_type=\"widget\" data-settings=\"{&quot;ekit_we_effect_on&quot;:&quot;none&quot;}\" data-widget_type=\"image.default\">\n\t\t\t\t\t\t\t\t\t\t\t\t<figure class=\"wp-caption\">\n\t\t\t\t\t\t\t\t\t\t<img decoding=\"async\" width=\"610\" height=\"334\" src=\"https:\/\/hidraumatica.com.br\/novo\/wp-content\/uploads\/2025\/10\/Trackstar2.png\" class=\"attachment-large size-large wp-image-615\" alt=\"\" srcset=\"https:\/\/hidraumatica.com.br\/novo\/wp-content\/uploads\/2025\/10\/Trackstar2.png 610w, https:\/\/hidraumatica.com.br\/novo\/wp-content\/uploads\/2025\/10\/Trackstar2-300x164.png 300w, https:\/\/hidraumatica.com.br\/novo\/wp-content\/uploads\/2025\/10\/Trackstar2-200x110.png 200w\" sizes=\"(max-width: 610px) 100vw, 610px\" \/>\t\t\t\t\t\t\t\t\t\t\t<figcaption class=\"widget-image-caption wp-caption-text\">TrackStar<\/figcaption>\n\t\t\t\t\t\t\t\t\t\t<\/figure>\n\t\t\t\t\t\t\t\t\t<\/div>\n\t\t\t\t\t<\/div>\n\t\t\t\t<\/div>\n\t\t\t\t<\/div>\n\t\t<div class=\"elementor-element elementor-element-00effd3 e-flex e-con-boxed e-con e-parent\" data-id=\"00effd3\" data-element_type=\"container\" data-settings=\"{&quot;ekit_has_onepagescroll_dot&quot;:&quot;yes&quot;}\">\n\t\t\t\t\t<div class=\"e-con-inner\">\n\t\t<div class=\"elementor-element elementor-element-8d9a286 e-con-full e-flex e-con e-child\" data-id=\"8d9a286\" data-element_type=\"container\" data-settings=\"{&quot;ekit_has_onepagescroll_dot&quot;:&quot;yes&quot;}\">\n\t\t\t\t<div class=\"elementor-element elementor-element-bd121c6 elementor-widget elementor-widget-heading\" data-id=\"bd121c6\" data-element_type=\"widget\" data-settings=\"{&quot;ekit_we_effect_on&quot;:&quot;none&quot;}\" data-widget_type=\"heading.default\">\n\t\t\t\t\t<h2 class=\"elementor-heading-title elementor-size-default\">Compromisso com a excel\u00eancia em manuten\u00e7\u00e3o ferrovi\u00e1ria e metrovi\u00e1ria<\/h2>\t\t\t\t<\/div>\n\t\t\t\t<\/div>\n\t\t<div class=\"elementor-element elementor-element-1f94065 e-con-full e-flex e-con e-child\" data-id=\"1f94065\" data-element_type=\"container\" data-settings=\"{&quot;ekit_has_onepagescroll_dot&quot;:&quot;yes&quot;}\">\n\t\t\t\t<div class=\"elementor-element elementor-element-f3b270a elementor-widget elementor-widget-text-editor\" data-id=\"f3b270a\" data-element_type=\"widget\" data-settings=\"{&quot;ekit_we_effect_on&quot;:&quot;none&quot;}\" data-widget_type=\"text-editor.default\">\n\t\t\t\t\t\t\t\t\t<p>A <strong>Hidraum\u00e1tica\u00ae<\/strong> \u00e9 refer\u00eancia nacional em manuten\u00e7\u00e3o e reforma de ve\u00edculos e equipamentos de via permanente.<br data-start=\"628\" data-end=\"631\" \/>Com expertise em sistemas hidr\u00e1ulicos e pneum\u00e1ticos, atendemos concession\u00e1rias e \u00f3rg\u00e3os p\u00fablicos em todo o Brasil, garantindo <strong data-start=\"757\" data-end=\"816\">seguran\u00e7a, confiabilidade e alto desempenho operacional<\/strong>.<br data-start=\"817\" data-end=\"820\" \/>Cada projeto \u00e9 conduzido com <strong data-start=\"849\" data-end=\"881\">r\u00edgidos padr\u00f5es de qualidade<\/strong>, assegurando que nossos clientes mantenham suas frotas sempre prontas para operar com m\u00e1xima efici\u00eancia.<br \/>Fale com a nosa equipe t\u00e9cnica!<\/p>\t\t\t\t\t\t\t\t<\/div>\n\t\t\t\t<div class=\"elementor-element elementor-element-284f1b1 elementor-align-center elementor-widget elementor-widget-button\" data-id=\"284f1b1\" data-element_type=\"widget\" data-settings=\"{&quot;ekit_we_effect_on&quot;:&quot;none&quot;}\" data-widget_type=\"button.default\">\n\t\t\t\t\t\t\t\t\t\t<a class=\"elementor-button elementor-button-link elementor-size-sm\" href=\"https:\/\/hidraumatica.com.br\/contato\/\">\n\t\t\t\t\t\t<span class=\"elementor-button-content-wrapper\">\n\t\t\t\t\t\t\t\t\t<span class=\"elementor-button-text\">Fale com nossa equipe<\/span>\n\t\t\t\t\t<\/span>\n\t\t\t\t\t<\/a>\n\t\t\t\t\t\t\t\t<\/div>\n\t\t\t\t<\/div>\n\t\t\t\t\t<\/div>\n\t\t\t\t<\/div>\n\t\t\t\t<\/div>\n\t\t","protected":false},"excerpt":{"rendered":"<p>Setor Ferrovi\u00e1rio\/Metrovi\u00e1rio No setor ferrovi\u00e1rio e metrovi\u00e1rio, cada detalhe faz diferen\u00e7a. Na Hidraum\u00e1tica\u00ae, garantimos que seus ve\u00edculos e equipamentos operem com seguran\u00e7a, precis\u00e3o e desempenho cont\u00ednuo, mantendo a infraestrutura sobre trilhos sempre confi\u00e1vel e eficiente. Excel\u00eancia em manuten\u00e7\u00e3o e reforma sobre trilhos A Hidraum\u00e1tica\u00ae \u00e9 especializada em reformas parciais ou totais e manuten\u00e7\u00e3o de componentes [&hellip;]<\/p>\n","protected":false},"author":1,"featured_media":0,"parent":13,"menu_order":0,"comment_status":"closed","ping_status":"closed","template":"elementor_header_footer","meta":{"footnotes":""},"class_list":["post-24","page","type-page","status-publish","hentry"],"_links":{"self":[{"href":"https:\/\/hidraumatica.com.br\/novo\/wp-json\/wp\/v2\/pages\/24","targetHints":{"allow":["GET"]}}],"collection":[{"href":"https:\/\/hidraumatica.com.br\/novo\/wp-json\/wp\/v2\/pages"}],"about":[{"href":"https:\/\/hidraumatica.com.br\/novo\/wp-json\/wp\/v2\/types\/page"}],"author":[{"embeddable":true,"href":"https:\/\/hidraumatica.com.br\/novo\/wp-json\/wp\/v2\/users\/1"}],"replies":[{"embeddable":true,"href":"https:\/\/hidraumatica.com.br\/novo\/wp-json\/wp\/v2\/comments?post=24"}],"version-history":[{"count":3,"href":"https:\/\/hidraumatica.com.br\/novo\/wp-json\/wp\/v2\/pages\/24\/revisions"}],"predecessor-version":[{"id":683,"href":"https:\/\/hidraumatica.com.br\/novo\/wp-json\/wp\/v2\/pages\/24\/revisions\/683"}],"up":[{"embeddable":true,"href":"https:\/\/hidraumatica.com.br\/novo\/wp-json\/wp\/v2\/pages\/13"}],"wp:attachment":[{"href":"https:\/\/hidraumatica.com.br\/novo\/wp-json\/wp\/v2\/media?parent=24"}],"curies":[{"name":"wp","href":"https:\/\/api.w.org\/{rel}","templated":true}]}}