{"id":25,"date":"2025-07-18T17:50:55","date_gmt":"2025-07-18T20:50:55","guid":{"rendered":"https:\/\/hidraumatica.com.br\/novo\/?page_id=25"},"modified":"2025-10-10T16:19:54","modified_gmt":"2025-10-10T19:19:54","slug":"mobil","status":"publish","type":"page","link":"https:\/\/hidraumatica.com.br\/novo\/servicos\/mobil\/","title":{"rendered":"Mobil"},"content":{"rendered":"\t\t<div data-elementor-type=\"wp-page\" data-elementor-id=\"25\" class=\"elementor elementor-25\" data-elementor-post-type=\"page\">\n\t\t\t\t<div class=\"elementor-element elementor-element-5212e1e e-con-full e-flex e-con e-parent\" data-id=\"5212e1e\" data-element_type=\"container\" data-settings=\"{&quot;ekit_has_onepagescroll_dot&quot;:&quot;yes&quot;}\">\n\t\t\t\t<div class=\"elementor-element elementor-element-f0006d7 elementor-widget elementor-widget-heading\" data-id=\"f0006d7\" data-element_type=\"widget\" data-settings=\"{&quot;ekit_we_effect_on&quot;:&quot;none&quot;}\" data-widget_type=\"heading.default\">\n\t\t\t\t\t<h2 class=\"elementor-heading-title elementor-size-default\">Setor Mobil<\/h2>\t\t\t\t<\/div>\n\t\t\t\t<\/div>\n\t\t<div class=\"elementor-element elementor-element-75004b9 e-con-full bg-container e-flex e-con e-parent\" data-id=\"75004b9\" data-element_type=\"container\" data-settings=\"{&quot;background_background&quot;:&quot;classic&quot;,&quot;ekit_has_onepagescroll_dot&quot;:&quot;yes&quot;}\">\n\t\t<div class=\"elementor-element elementor-element-ddd6cab teste e-flex e-con-boxed e-con e-child\" data-id=\"ddd6cab\" data-element_type=\"container\" data-settings=\"{&quot;background_background&quot;:&quot;classic&quot;,&quot;ekit_has_onepagescroll_dot&quot;:&quot;yes&quot;}\">\n\t\t\t\t\t<div class=\"e-con-inner\">\n\t\t\t\t<div class=\"elementor-element elementor-element-3c52592 elementor-widget__width-initial elementor-widget elementor-widget-text-editor\" data-id=\"3c52592\" data-element_type=\"widget\" data-settings=\"{&quot;ekit_we_effect_on&quot;:&quot;none&quot;}\" data-widget_type=\"text-editor.default\">\n\t\t\t\t\t\t\t\t\t<p>A <strong>Hidraum\u00e1tica\u00ae<\/strong> atua no setor Mobil oferecendo solu\u00e7\u00f5es completas em manuten\u00e7\u00e3o, reforma e adequa\u00e7\u00e3o tecnol\u00f3gica de ve\u00edculos e equipamentos hidr\u00e1ulicos e pneum\u00e1ticos. Nossa equipe t\u00e9cnica realiza an\u00e1lises, peritagens e adapta\u00e7\u00f5es personalizadas para garantir <strong data-start=\"1020\" data-end=\"1072\">desempenho, resist\u00eancia e efici\u00eancia operacional<\/strong> em qualquer ambiente de trabalho.<\/p>\t\t\t\t\t\t\t\t<\/div>\n\t\t\t\t\t<\/div>\n\t\t\t\t<\/div>\n\t\t\t\t<\/div>\n\t\t<div class=\"elementor-element elementor-element-f754f5b e-con-full e-flex e-con e-parent\" data-id=\"f754f5b\" data-element_type=\"container\" data-settings=\"{&quot;ekit_has_onepagescroll_dot&quot;:&quot;yes&quot;}\">\n\t\t<div class=\"elementor-element elementor-element-01693a5 e-flex e-con-boxed e-con e-child\" data-id=\"01693a5\" data-element_type=\"container\" data-settings=\"{&quot;ekit_has_onepagescroll_dot&quot;:&quot;yes&quot;}\">\n\t\t\t\t\t<div class=\"e-con-inner\">\n\t\t\t\t<div class=\"elementor-element elementor-element-cd87acd elementor-widget elementor-widget-heading\" data-id=\"cd87acd\" data-element_type=\"widget\" data-settings=\"{&quot;ekit_we_effect_on&quot;:&quot;none&quot;}\" data-widget_type=\"heading.default\">\n\t\t\t\t\t<h2 class=\"elementor-heading-title elementor-size-default\">Inova\u00e7\u00e3o em movimento<\/h2>\t\t\t\t<\/div>\n\t\t\t\t<div class=\"elementor-element elementor-element-e4c7782 elementor-widget elementor-widget-text-editor\" data-id=\"e4c7782\" data-element_type=\"widget\" data-settings=\"{&quot;ekit_we_effect_on&quot;:&quot;none&quot;}\" data-widget_type=\"text-editor.default\">\n\t\t\t\t\t\t\t\t\t<p data-start=\"1227\" data-end=\"1446\">Nossa empresa conta com equipes especializadas em an\u00e1lise e peritagem, respons\u00e1veis por reformas parciais ou totais, manuten\u00e7\u00e3o, consertos e adapta\u00e7\u00f5es de componentes hidr\u00e1ulicos e pneum\u00e1ticos dos mais variados tipos.<\/p><p data-start=\"1453\" data-end=\"1630\">O acompanhamento t\u00e9cnico pode ser feito diretamente em nosso p\u00e1tio de manuten\u00e7\u00e3o ou em trechos designados pelo cliente, assegurando <strong data-start=\"1585\" data-end=\"1630\">flexibilidade e agilidade no atendimento.<\/strong><\/p>\t\t\t\t\t\t\t\t<\/div>\n\t\t\t\t\t<\/div>\n\t\t\t\t<\/div>\n\t\t<div class=\"elementor-element elementor-element-f4af562 e-flex e-con-boxed e-con e-child\" data-id=\"f4af562\" data-element_type=\"container\" data-settings=\"{&quot;ekit_has_onepagescroll_dot&quot;:&quot;yes&quot;}\">\n\t\t\t\t\t<div class=\"e-con-inner\">\n\t\t\t\t<div class=\"elementor-element elementor-element-981f651 elementor-widget elementor-widget-image\" data-id=\"981f651\" data-element_type=\"widget\" data-settings=\"{&quot;ekit_we_effect_on&quot;:&quot;none&quot;}\" data-widget_type=\"image.default\">\n\t\t\t\t\t\t\t\t\t\t\t\t\t\t\t<img fetchpriority=\"high\" decoding=\"async\" width=\"800\" height=\"405\" src=\"https:\/\/hidraumatica.com.br\/novo\/wp-content\/uploads\/2025\/10\/009.jpeg\" class=\"attachment-large size-large wp-image-639\" alt=\"\" srcset=\"https:\/\/hidraumatica.com.br\/novo\/wp-content\/uploads\/2025\/10\/009.jpeg 1018w, https:\/\/hidraumatica.com.br\/novo\/wp-content\/uploads\/2025\/10\/009-300x152.jpeg 300w, https:\/\/hidraumatica.com.br\/novo\/wp-content\/uploads\/2025\/10\/009-768x389.jpeg 768w, https:\/\/hidraumatica.com.br\/novo\/wp-content\/uploads\/2025\/10\/009-200x101.jpeg 200w\" sizes=\"(max-width: 800px) 100vw, 800px\" \/>\t\t\t\t\t\t\t\t\t\t\t\t\t\t\t<\/div>\n\t\t\t\t\t<\/div>\n\t\t\t\t<\/div>\n\t\t\t\t<\/div>\n\t\t<div class=\"elementor-element elementor-element-b1e2ddf e-con-full e-flex e-con e-parent\" data-id=\"b1e2ddf\" data-element_type=\"container\" data-settings=\"{&quot;background_background&quot;:&quot;classic&quot;,&quot;ekit_has_onepagescroll_dot&quot;:&quot;yes&quot;}\">\n\t\t<div class=\"elementor-element elementor-element-2cbc4d3 e-flex e-con-boxed e-con e-child\" data-id=\"2cbc4d3\" data-element_type=\"container\" data-settings=\"{&quot;ekit_has_onepagescroll_dot&quot;:&quot;yes&quot;}\">\n\t\t\t\t\t<div class=\"e-con-inner\">\n\t\t\t\t<div class=\"elementor-element elementor-element-634100e elementor-widget elementor-widget-image\" data-id=\"634100e\" data-element_type=\"widget\" data-settings=\"{&quot;ekit_we_effect_on&quot;:&quot;none&quot;}\" data-widget_type=\"image.default\">\n\t\t\t\t\t\t\t\t\t\t\t\t\t\t\t<img decoding=\"async\" width=\"800\" height=\"480\" src=\"https:\/\/hidraumatica.com.br\/novo\/wp-content\/uploads\/2025\/10\/010.jpeg\" class=\"attachment-large size-large wp-image-640\" alt=\"\" srcset=\"https:\/\/hidraumatica.com.br\/novo\/wp-content\/uploads\/2025\/10\/010.jpeg 847w, https:\/\/hidraumatica.com.br\/novo\/wp-content\/uploads\/2025\/10\/010-300x180.jpeg 300w, https:\/\/hidraumatica.com.br\/novo\/wp-content\/uploads\/2025\/10\/010-768x461.jpeg 768w, https:\/\/hidraumatica.com.br\/novo\/wp-content\/uploads\/2025\/10\/010-200x120.jpeg 200w\" sizes=\"(max-width: 800px) 100vw, 800px\" \/>\t\t\t\t\t\t\t\t\t\t\t\t\t\t\t<\/div>\n\t\t\t\t\t<\/div>\n\t\t\t\t<\/div>\n\t\t<div class=\"elementor-element elementor-element-13b6ab4 e-flex e-con-boxed e-con e-child\" data-id=\"13b6ab4\" data-element_type=\"container\" data-settings=\"{&quot;ekit_has_onepagescroll_dot&quot;:&quot;yes&quot;}\">\n\t\t\t\t\t<div class=\"e-con-inner\">\n\t\t\t\t<div class=\"elementor-element elementor-element-056ec5e elementor-widget elementor-widget-heading\" data-id=\"056ec5e\" data-element_type=\"widget\" data-settings=\"{&quot;ekit_we_effect_on&quot;:&quot;none&quot;}\" data-widget_type=\"heading.default\">\n\t\t\t\t\t<h2 class=\"elementor-heading-title elementor-size-default\">Adequa\u00e7\u00e3o tecnol\u00f3gica e performance refor\u00e7ada<\/h2>\t\t\t\t<\/div>\n\t\t\t\t<div class=\"elementor-element elementor-element-1b3b275 elementor-widget elementor-widget-text-editor\" data-id=\"1b3b275\" data-element_type=\"widget\" data-settings=\"{&quot;ekit_we_effect_on&quot;:&quot;none&quot;}\" data-widget_type=\"text-editor.default\">\n\t\t\t\t\t\t\t\t\t<p data-start=\"1774\" data-end=\"2104\">Neste projeto, realizamos <strong data-start=\"1800\" data-end=\"1836\">adequa\u00e7\u00f5es estruturais completas<\/strong>, incluindo refor\u00e7o de chassi e contra chassi, montagem de <strong data-start=\"1895\" data-end=\"1910\">ba\u00fa oficina<\/strong>, sustenta\u00e7\u00e3o mec\u00e2nica para <strong data-start=\"1938\" data-end=\"1966\">guindalto de 6 toneladas<\/strong> e implementa\u00e7\u00e3o de insumos para opera\u00e7\u00e3o <strong data-start=\"2008\" data-end=\"2019\">OffRoad<\/strong> \u2014 como unidades de solda, esmeril, lavadora de alta press\u00e3o e furadeira de coluna.<\/p><p data-start=\"2111\" data-end=\"2224\">Resultado: <strong data-start=\"2122\" data-end=\"2171\">um ve\u00edculo mais robusto, aut\u00f4nomo e eficiente<\/strong>, preparado para atender demandas exigentes em campo.<\/p>\t\t\t\t\t\t\t\t<\/div>\n\t\t\t\t\t<\/div>\n\t\t\t\t<\/div>\n\t\t\t\t<\/div>\n\t\t<div class=\"elementor-element elementor-element-972881d e-con-full bg-container e-flex e-con e-parent\" data-id=\"972881d\" data-element_type=\"container\" data-settings=\"{&quot;background_background&quot;:&quot;classic&quot;,&quot;ekit_has_onepagescroll_dot&quot;:&quot;yes&quot;}\">\n\t\t\t\t<div class=\"elementor-element elementor-element-8c887d8 elementor-widget elementor-widget-heading\" data-id=\"8c887d8\" data-element_type=\"widget\" data-settings=\"{&quot;ekit_we_effect_on&quot;:&quot;none&quot;}\" data-widget_type=\"heading.default\">\n\t\t\t\t\t<h2 class=\"elementor-heading-title elementor-size-default\">Adapta\u00e7\u00e3o inteligente em equipamentos pesados<\/h2>\t\t\t\t<\/div>\n\t\t<div class=\"elementor-element elementor-element-686450e teste e-flex e-con-boxed e-con e-child\" data-id=\"686450e\" data-element_type=\"container\" data-settings=\"{&quot;background_background&quot;:&quot;classic&quot;,&quot;ekit_has_onepagescroll_dot&quot;:&quot;yes&quot;}\">\n\t\t\t\t\t<div class=\"e-con-inner\">\n\t\t\t\t<div class=\"elementor-element elementor-element-9ec54cf elementor-widget__width-initial elementor-widget elementor-widget-text-editor\" data-id=\"9ec54cf\" data-element_type=\"widget\" data-settings=\"{&quot;ekit_we_effect_on&quot;:&quot;none&quot;}\" data-widget_type=\"text-editor.default\">\n\t\t\t\t\t\t\t\t\t<p>A <strong>Hidraum\u00e1tica\u00ae<\/strong> tamb\u00e9m realiza adapta\u00e7\u00f5es personalizadas em m\u00e1quinas de grande porte, como escavadeiras e tratores. Cada modifica\u00e7\u00e3o \u00e9 planejada para <strong data-start=\"2504\" data-end=\"2545\">ampliar o desempenho e a durabilidade<\/strong>, sem comprometer a seguran\u00e7a ou a integridade estrutural do equipamento<\/p>\t\t\t\t\t\t\t\t<\/div>\n\t\t<div class=\"elementor-element elementor-element-ba73c23 e-con-full e-flex e-con e-child\" data-id=\"ba73c23\" data-element_type=\"container\" data-settings=\"{&quot;ekit_has_onepagescroll_dot&quot;:&quot;yes&quot;}\">\n\t\t\t\t<div class=\"elementor-element elementor-element-7b6fd86 elementor-widget elementor-widget-image\" data-id=\"7b6fd86\" data-element_type=\"widget\" data-settings=\"{&quot;ekit_we_effect_on&quot;:&quot;none&quot;}\" data-widget_type=\"image.default\">\n\t\t\t\t\t\t\t\t\t\t\t\t\t\t\t<img decoding=\"async\" width=\"640\" height=\"480\" src=\"https:\/\/hidraumatica.com.br\/novo\/wp-content\/uploads\/2025\/10\/DSC01100.jpg\" class=\"attachment-large size-large wp-image-646\" alt=\"\" srcset=\"https:\/\/hidraumatica.com.br\/novo\/wp-content\/uploads\/2025\/10\/DSC01100.jpg 640w, https:\/\/hidraumatica.com.br\/novo\/wp-content\/uploads\/2025\/10\/DSC01100-300x225.jpg 300w, https:\/\/hidraumatica.com.br\/novo\/wp-content\/uploads\/2025\/10\/DSC01100-200x150.jpg 200w\" sizes=\"(max-width: 640px) 100vw, 640px\" \/>\t\t\t\t\t\t\t\t\t\t\t\t\t\t\t<\/div>\n\t\t\t\t<div class=\"elementor-element elementor-element-555e4b3 elementor-widget elementor-widget-image\" data-id=\"555e4b3\" data-element_type=\"widget\" data-settings=\"{&quot;ekit_we_effect_on&quot;:&quot;none&quot;}\" data-widget_type=\"image.default\">\n\t\t\t\t\t\t\t\t\t\t\t\t<figure class=\"wp-caption\">\n\t\t\t\t\t\t\t\t\t\t<img loading=\"lazy\" decoding=\"async\" width=\"640\" height=\"480\" src=\"https:\/\/hidraumatica.com.br\/novo\/wp-content\/uploads\/2025\/10\/DSC01104.jpg\" class=\"attachment-large size-large wp-image-647\" alt=\"\" srcset=\"https:\/\/hidraumatica.com.br\/novo\/wp-content\/uploads\/2025\/10\/DSC01104.jpg 640w, https:\/\/hidraumatica.com.br\/novo\/wp-content\/uploads\/2025\/10\/DSC01104-300x225.jpg 300w, https:\/\/hidraumatica.com.br\/novo\/wp-content\/uploads\/2025\/10\/DSC01104-200x150.jpg 200w, https:\/\/hidraumatica.com.br\/novo\/wp-content\/uploads\/2025\/10\/elementor\/thumbs\/DSC01104-150x150.jpg 800w\" sizes=\"(max-width: 640px) 100vw, 640px\" \/>\t\t\t\t\t\t\t\t\t\t\t<figcaption class=\"widget-image-caption wp-caption-text\">Adapta\u00e7\u00e3o em escavedeira Hyundai<\/figcaption>\n\t\t\t\t\t\t\t\t\t\t<\/figure>\n\t\t\t\t\t\t\t\t\t<\/div>\n\t\t\t\t<div class=\"elementor-element elementor-element-954bb7a elementor-widget elementor-widget-image\" data-id=\"954bb7a\" data-element_type=\"widget\" data-settings=\"{&quot;ekit_we_effect_on&quot;:&quot;none&quot;}\" data-widget_type=\"image.default\">\n\t\t\t\t\t\t\t\t\t\t\t\t\t\t\t<img decoding=\"async\" src=\"https:\/\/hidraumatica.com.br\/novo\/wp-content\/uploads\/elementor\/thumbs\/Adaptacao-escavadeira-rek14x5snptrn8dr6ghf1wv1pcixz5j6nd7pv0960w.jpg\" title=\"none\" alt=\"none\" loading=\"lazy\" \/>\t\t\t\t\t\t\t\t\t\t\t\t\t\t\t<\/div>\n\t\t\t\t<\/div>\n\t\t\t\t\t<\/div>\n\t\t\t\t<\/div>\n\t\t\t\t<\/div>\n\t\t<div class=\"elementor-element elementor-element-3a52659 e-flex e-con-boxed e-con e-parent\" data-id=\"3a52659\" data-element_type=\"container\" data-settings=\"{&quot;ekit_has_onepagescroll_dot&quot;:&quot;yes&quot;}\">\n\t\t\t\t\t<div class=\"e-con-inner\">\n\t\t<div class=\"elementor-element elementor-element-5808c7b e-con-full e-flex e-con e-child\" data-id=\"5808c7b\" data-element_type=\"container\" data-settings=\"{&quot;ekit_has_onepagescroll_dot&quot;:&quot;yes&quot;}\">\n\t\t\t\t<div class=\"elementor-element elementor-element-18a5d6f elementor-widget elementor-widget-heading\" data-id=\"18a5d6f\" data-element_type=\"widget\" data-settings=\"{&quot;ekit_we_effect_on&quot;:&quot;none&quot;}\" data-widget_type=\"heading.default\">\n\t\t\t\t\t<h2 class=\"elementor-heading-title elementor-size-default\">Compromisso com efici\u00eancia e tecnologia aplicada<\/h2>\t\t\t\t<\/div>\n\t\t\t\t<\/div>\n\t\t<div class=\"elementor-element elementor-element-824d898 e-con-full e-flex e-con e-child\" data-id=\"824d898\" data-element_type=\"container\" data-settings=\"{&quot;ekit_has_onepagescroll_dot&quot;:&quot;yes&quot;}\">\n\t\t\t\t<div class=\"elementor-element elementor-element-3e27d74 elementor-widget elementor-widget-text-editor\" data-id=\"3e27d74\" data-element_type=\"widget\" data-settings=\"{&quot;ekit_we_effect_on&quot;:&quot;none&quot;}\" data-widget_type=\"text-editor.default\">\n\t\t\t\t\t\t\t\t\t<p data-start=\"2760\" data-end=\"2903\">Com solu\u00e7\u00f5es sob medida e equipes altamente qualificadas, a <strong>Hidraum\u00e1tica\u00ae<\/strong> entrega <strong data-start=\"2842\" data-end=\"2900\">resultados concretos em manuten\u00e7\u00e3o e adapta\u00e7\u00e3o t\u00e9cnica<\/strong>.<\/p><p data-start=\"2910\" data-end=\"3025\">Seja em campo ou em nossa base, atuamos com o mesmo padr\u00e3o de qualidade que faz da marca uma refer\u00eancia nacional<\/p><p data-start=\"2910\" data-end=\"3025\"><strong data-start=\"3080\" data-end=\"3105\">Fale com nossa equipe<\/strong><br data-start=\"3105\" data-end=\"3108\" \/>Tem um projeto que exige moderniza\u00e7\u00e3o, adapta\u00e7\u00e3o ou refor\u00e7o estrutural? Envie sua mensagem e receba uma proposta t\u00e9cnica personalizada.<\/p>\t\t\t\t\t\t\t\t<\/div>\n\t\t\t\t<div class=\"elementor-element elementor-element-dbd0279 elementor-align-center elementor-widget elementor-widget-button\" data-id=\"dbd0279\" data-element_type=\"widget\" data-settings=\"{&quot;ekit_we_effect_on&quot;:&quot;none&quot;}\" data-widget_type=\"button.default\">\n\t\t\t\t\t\t\t\t\t\t<a class=\"elementor-button elementor-button-link elementor-size-sm\" href=\"https:\/\/hidraumatica.com.br\/contato\/\">\n\t\t\t\t\t\t<span class=\"elementor-button-content-wrapper\">\n\t\t\t\t\t\t\t\t\t<span class=\"elementor-button-text\">Fale com nossa equipe<\/span>\n\t\t\t\t\t<\/span>\n\t\t\t\t\t<\/a>\n\t\t\t\t\t\t\t\t<\/div>\n\t\t\t\t<\/div>\n\t\t\t\t\t<\/div>\n\t\t\t\t<\/div>\n\t\t\t\t<\/div>\n\t\t","protected":false},"excerpt":{"rendered":"<p>Setor Mobil A Hidraum\u00e1tica\u00ae atua no setor Mobil oferecendo solu\u00e7\u00f5es completas em manuten\u00e7\u00e3o, reforma e adequa\u00e7\u00e3o tecnol\u00f3gica de ve\u00edculos e equipamentos hidr\u00e1ulicos e pneum\u00e1ticos. Nossa equipe t\u00e9cnica realiza an\u00e1lises, peritagens e adapta\u00e7\u00f5es personalizadas para garantir desempenho, resist\u00eancia e efici\u00eancia operacional em qualquer ambiente de trabalho. Inova\u00e7\u00e3o em movimento Nossa empresa conta com equipes especializadas em [&hellip;]<\/p>\n","protected":false},"author":1,"featured_media":0,"parent":13,"menu_order":0,"comment_status":"closed","ping_status":"closed","template":"elementor_header_footer","meta":{"footnotes":""},"class_list":["post-25","page","type-page","status-publish","hentry"],"_links":{"self":[{"href":"https:\/\/hidraumatica.com.br\/novo\/wp-json\/wp\/v2\/pages\/25","targetHints":{"allow":["GET"]}}],"collection":[{"href":"https:\/\/hidraumatica.com.br\/novo\/wp-json\/wp\/v2\/pages"}],"about":[{"href":"https:\/\/hidraumatica.com.br\/novo\/wp-json\/wp\/v2\/types\/page"}],"author":[{"embeddable":true,"href":"https:\/\/hidraumatica.com.br\/novo\/wp-json\/wp\/v2\/users\/1"}],"replies":[{"embeddable":true,"href":"https:\/\/hidraumatica.com.br\/novo\/wp-json\/wp\/v2\/comments?post=25"}],"version-history":[{"count":0,"href":"https:\/\/hidraumatica.com.br\/novo\/wp-json\/wp\/v2\/pages\/25\/revisions"}],"up":[{"embeddable":true,"href":"https:\/\/hidraumatica.com.br\/novo\/wp-json\/wp\/v2\/pages\/13"}],"wp:attachment":[{"href":"https:\/\/hidraumatica.com.br\/novo\/wp-json\/wp\/v2\/media?parent=25"}],"curies":[{"name":"wp","href":"https:\/\/api.w.org\/{rel}","templated":true}]}}